{"id":450,"date":"2021-09-27T21:52:47","date_gmt":"2021-09-27T19:52:47","guid":{"rendered":"https:\/\/www.beauteetcafe.fr\/?page_id=450"},"modified":"2021-11-23T20:53:06","modified_gmt":"2021-11-23T19:53:06","slug":"reservation","status":"publish","type":"page","link":"https:\/\/www.beauteetcafe.fr\/?page_id=450","title":{"rendered":"R\u00c9SERVATION"},"content":{"rendered":"\n<script>    \n\twindow.planity = {\n\t\tkey: 'se--jjn',\n\t\tprimaryColor: '#8eb586'\n\t};\n<\/script>\n<script src=\"https:\/\/d2skjte8udjqxw.cloudfront.net\/widget\/production\/polyfills.latest.js\"><\/script>\n<script src=\"https:\/\/d2skjte8udjqxw.cloudfront.net\/widget\/production\/app.latest.js\"><\/script>\n","protected":false},"excerpt":{"rendered":"","protected":false},"author":1,"featured_media":0,"parent":0,"menu_order":0,"comment_status":"closed","ping_status":"closed","template":"","meta":{"_acf_changed":false,"footnotes":""},"class_list":["post-450","page","type-page","status-publish","hentry"],"acf":[],"yoast_head":"<!-- This site is optimized with the Yoast SEO plugin v26.9 - https:\/\/yoast.com\/product\/yoast-seo-wordpress\/ -->\n<title>R\u00c9SERVATION - Beaut\u00e9 et Caf\u00e9 Institut de Beaut\u00e9 Franconville<\/title>\n<meta name=\"description\" content=\"Beaut\u00e9 et Caf\u00e9 - Institut de Beaut\u00e9. Beaut\u00e9 et Caf\u00e9\u00a0est un\u00a0institut de beaut\u00e9\u00a0et salon de th\u00e9 se situant \u00e0\u00a0Franconville (95130).\" \/>\n<meta name=\"robots\" content=\"index, follow, max-snippet:-1, max-image-preview:large, max-video-preview:-1\" \/>\n<link rel=\"canonical\" href=\"https:\/\/www.beauteetcafe.fr\/?page_id=450\" \/>\n<meta property=\"og:locale\" content=\"fr_FR\" \/>\n<meta property=\"og:type\" content=\"article\" \/>\n<meta property=\"og:title\" content=\"R\u00c9SERVATION - Beaut\u00e9 et Caf\u00e9 Institut de Beaut\u00e9 Franconville\" \/>\n<meta property=\"og:description\" content=\"Beaut\u00e9 et Caf\u00e9 - Institut de Beaut\u00e9. Beaut\u00e9 et Caf\u00e9\u00a0est un\u00a0institut de beaut\u00e9\u00a0et salon de th\u00e9 se situant \u00e0\u00a0Franconville (95130).\" \/>\n<meta property=\"og:url\" content=\"https:\/\/www.beauteetcafe.fr\/?page_id=450\" \/>\n<meta property=\"og:site_name\" content=\"Beaut\u00e9 et Caf\u00e9\" \/>\n<meta property=\"article:publisher\" content=\"https:\/\/www.facebook.com\/pg\/steph.lidie\/posts\/\" \/>\n<meta property=\"article:modified_time\" content=\"2021-11-23T19:53:06+00:00\" \/>\n<meta name=\"twitter:card\" content=\"summary_large_image\" \/>\n<meta name=\"twitter:label1\" content=\"Dur\u00e9e de lecture estim\u00e9e\" \/>\n\t<meta name=\"twitter:data1\" content=\"1 minute\" \/>\n<script type=\"application\/ld+json\" class=\"yoast-schema-graph\">{\"@context\":\"https:\/\/schema.org\",\"@graph\":[{\"@type\":\"WebPage\",\"@id\":\"https:\/\/www.beauteetcafe.fr\/?page_id=450\",\"url\":\"https:\/\/www.beauteetcafe.fr\/?page_id=450\",\"name\":\"R\u00c9SERVATION - Beaut\u00e9 et Caf\u00e9 Institut de Beaut\u00e9 Franconville\",\"isPartOf\":{\"@id\":\"https:\/\/www.beauteetcafe.fr\/#website\"},\"datePublished\":\"2021-09-27T19:52:47+00:00\",\"dateModified\":\"2021-11-23T19:53:06+00:00\",\"description\":\"Beaut\u00e9 et Caf\u00e9 - Institut de Beaut\u00e9. Beaut\u00e9 et Caf\u00e9\u00a0est un\u00a0institut de beaut\u00e9\u00a0et salon de th\u00e9 se situant \u00e0\u00a0Franconville (95130).\",\"breadcrumb\":{\"@id\":\"https:\/\/www.beauteetcafe.fr\/?page_id=450#breadcrumb\"},\"inLanguage\":\"fr-FR\",\"potentialAction\":[{\"@type\":\"ReadAction\",\"target\":[\"https:\/\/www.beauteetcafe.fr\/?page_id=450\"]}]},{\"@type\":\"BreadcrumbList\",\"@id\":\"https:\/\/www.beauteetcafe.fr\/?page_id=450#breadcrumb\",\"itemListElement\":[{\"@type\":\"ListItem\",\"position\":1,\"name\":\"Accueil\",\"item\":\"https:\/\/www.beauteetcafe.fr\/\"},{\"@type\":\"ListItem\",\"position\":2,\"name\":\"R\u00c9SERVATION\"}]},{\"@type\":\"WebSite\",\"@id\":\"https:\/\/www.beauteetcafe.fr\/#website\",\"url\":\"https:\/\/www.beauteetcafe.fr\/\",\"name\":\"Beaut\u00e9 et Caf\u00e9\",\"description\":\"%%sitename%% - Institut de Beaut\u00e9. %%sitename%% est un institut de beaut\u00e9 \u00e0 Franconville.\",\"publisher\":{\"@id\":\"https:\/\/www.beauteetcafe.fr\/#organization\"},\"potentialAction\":[{\"@type\":\"SearchAction\",\"target\":{\"@type\":\"EntryPoint\",\"urlTemplate\":\"https:\/\/www.beauteetcafe.fr\/?s={search_term_string}\"},\"query-input\":{\"@type\":\"PropertyValueSpecification\",\"valueRequired\":true,\"valueName\":\"search_term_string\"}}],\"inLanguage\":\"fr-FR\"},{\"@type\":\"Organization\",\"@id\":\"https:\/\/www.beauteetcafe.fr\/#organization\",\"name\":\"LC Esth\u00e9tique\",\"url\":\"https:\/\/www.beauteetcafe.fr\/\",\"logo\":{\"@type\":\"ImageObject\",\"inLanguage\":\"fr-FR\",\"@id\":\"https:\/\/www.beauteetcafe.fr\/#\/schema\/logo\/image\/\",\"url\":\"https:\/\/www.beauteetcafe.fr\/wp-content\/uploads\/2019\/11\/logo.jpg\",\"contentUrl\":\"https:\/\/www.beauteetcafe.fr\/wp-content\/uploads\/2019\/11\/logo.jpg\",\"width\":500,\"height\":500,\"caption\":\"LC Esth\u00e9tique\"},\"image\":{\"@id\":\"https:\/\/www.beauteetcafe.fr\/#\/schema\/logo\/image\/\"},\"sameAs\":[\"https:\/\/www.facebook.com\/pg\/steph.lidie\/posts\/\",\"https:\/\/www.instagram.com\/lc_esthetique_\/\"]}]}<\/script>\n<!-- \/ Yoast SEO plugin. -->","yoast_head_json":{"title":"R\u00c9SERVATION - Beaut\u00e9 et Caf\u00e9 Institut de Beaut\u00e9 Franconville","description":"Beaut\u00e9 et Caf\u00e9 - Institut de Beaut\u00e9. Beaut\u00e9 et Caf\u00e9\u00a0est un\u00a0institut de beaut\u00e9\u00a0et salon de th\u00e9 se situant \u00e0\u00a0Franconville (95130).","robots":{"index":"index","follow":"follow","max-snippet":"max-snippet:-1","max-image-preview":"max-image-preview:large","max-video-preview":"max-video-preview:-1"},"canonical":"https:\/\/www.beauteetcafe.fr\/?page_id=450","og_locale":"fr_FR","og_type":"article","og_title":"R\u00c9SERVATION - Beaut\u00e9 et Caf\u00e9 Institut de Beaut\u00e9 Franconville","og_description":"Beaut\u00e9 et Caf\u00e9 - Institut de Beaut\u00e9. Beaut\u00e9 et Caf\u00e9\u00a0est un\u00a0institut de beaut\u00e9\u00a0et salon de th\u00e9 se situant \u00e0\u00a0Franconville (95130).","og_url":"https:\/\/www.beauteetcafe.fr\/?page_id=450","og_site_name":"Beaut\u00e9 et Caf\u00e9","article_publisher":"https:\/\/www.facebook.com\/pg\/steph.lidie\/posts\/","article_modified_time":"2021-11-23T19:53:06+00:00","twitter_card":"summary_large_image","twitter_misc":{"Dur\u00e9e de lecture estim\u00e9e":"1 minute"},"schema":{"@context":"https:\/\/schema.org","@graph":[{"@type":"WebPage","@id":"https:\/\/www.beauteetcafe.fr\/?page_id=450","url":"https:\/\/www.beauteetcafe.fr\/?page_id=450","name":"R\u00c9SERVATION - Beaut\u00e9 et Caf\u00e9 Institut de Beaut\u00e9 Franconville","isPartOf":{"@id":"https:\/\/www.beauteetcafe.fr\/#website"},"datePublished":"2021-09-27T19:52:47+00:00","dateModified":"2021-11-23T19:53:06+00:00","description":"Beaut\u00e9 et Caf\u00e9 - Institut de Beaut\u00e9. Beaut\u00e9 et Caf\u00e9\u00a0est un\u00a0institut de beaut\u00e9\u00a0et salon de th\u00e9 se situant \u00e0\u00a0Franconville (95130).","breadcrumb":{"@id":"https:\/\/www.beauteetcafe.fr\/?page_id=450#breadcrumb"},"inLanguage":"fr-FR","potentialAction":[{"@type":"ReadAction","target":["https:\/\/www.beauteetcafe.fr\/?page_id=450"]}]},{"@type":"BreadcrumbList","@id":"https:\/\/www.beauteetcafe.fr\/?page_id=450#breadcrumb","itemListElement":[{"@type":"ListItem","position":1,"name":"Accueil","item":"https:\/\/www.beauteetcafe.fr\/"},{"@type":"ListItem","position":2,"name":"R\u00c9SERVATION"}]},{"@type":"WebSite","@id":"https:\/\/www.beauteetcafe.fr\/#website","url":"https:\/\/www.beauteetcafe.fr\/","name":"Beaut\u00e9 et Caf\u00e9","description":"%%sitename%% - Institut de Beaut\u00e9. %%sitename%% est un institut de beaut\u00e9 \u00e0 Franconville.","publisher":{"@id":"https:\/\/www.beauteetcafe.fr\/#organization"},"potentialAction":[{"@type":"SearchAction","target":{"@type":"EntryPoint","urlTemplate":"https:\/\/www.beauteetcafe.fr\/?s={search_term_string}"},"query-input":{"@type":"PropertyValueSpecification","valueRequired":true,"valueName":"search_term_string"}}],"inLanguage":"fr-FR"},{"@type":"Organization","@id":"https:\/\/www.beauteetcafe.fr\/#organization","name":"LC Esth\u00e9tique","url":"https:\/\/www.beauteetcafe.fr\/","logo":{"@type":"ImageObject","inLanguage":"fr-FR","@id":"https:\/\/www.beauteetcafe.fr\/#\/schema\/logo\/image\/","url":"https:\/\/www.beauteetcafe.fr\/wp-content\/uploads\/2019\/11\/logo.jpg","contentUrl":"https:\/\/www.beauteetcafe.fr\/wp-content\/uploads\/2019\/11\/logo.jpg","width":500,"height":500,"caption":"LC Esth\u00e9tique"},"image":{"@id":"https:\/\/www.beauteetcafe.fr\/#\/schema\/logo\/image\/"},"sameAs":["https:\/\/www.facebook.com\/pg\/steph.lidie\/posts\/","https:\/\/www.instagram.com\/lc_esthetique_\/"]}]}},"_links":{"self":[{"href":"https:\/\/www.beauteetcafe.fr\/index.php?rest_route=\/wp\/v2\/pages\/450","targetHints":{"allow":["GET"]}}],"collection":[{"href":"https:\/\/www.beauteetcafe.fr\/index.php?rest_route=\/wp\/v2\/pages"}],"about":[{"href":"https:\/\/www.beauteetcafe.fr\/index.php?rest_route=\/wp\/v2\/types\/page"}],"author":[{"embeddable":true,"href":"https:\/\/www.beauteetcafe.fr\/index.php?rest_route=\/wp\/v2\/users\/1"}],"replies":[{"embeddable":true,"href":"https:\/\/www.beauteetcafe.fr\/index.php?rest_route=%2Fwp%2Fv2%2Fcomments&post=450"}],"version-history":[{"count":6,"href":"https:\/\/www.beauteetcafe.fr\/index.php?rest_route=\/wp\/v2\/pages\/450\/revisions"}],"predecessor-version":[{"id":528,"href":"https:\/\/www.beauteetcafe.fr\/index.php?rest_route=\/wp\/v2\/pages\/450\/revisions\/528"}],"wp:attachment":[{"href":"https:\/\/www.beauteetcafe.fr\/index.php?rest_route=%2Fwp%2Fv2%2Fmedia&parent=450"}],"curies":[{"name":"wp","href":"https:\/\/api.w.org\/{rel}","templated":true}]}}